{"id":655,"date":"2015-09-19T10:22:17","date_gmt":"2015-09-19T09:22:17","guid":{"rendered":"http:\/\/www.dagpalm.se\/?page_id=655"},"modified":"2015-09-19T10:22:17","modified_gmt":"2015-09-19T09:22:17","slug":"forortsdesperado","status":"publish","type":"page","link":"https:\/\/www.dagpalm.se\/?page_id=655","title":{"rendered":"F\u00f6rortsdesperado"},"content":{"rendered":"<p>Jag s\u00e5g notisen h\u00e4romdan<br \/>\nOm \u00f6verfall och unga g\u00e4rningsm\u00e4n<br \/>\nOch kanske var du med d\u00e4r eller n\u00e4sta g\u00e5ng<br \/>\nbland dessa gangster-wannabes<br \/>\nDu s\u00e4ger: Man m\u00e5ste f\u00e5 respekt<br \/>\nOrdet har f\u00f6r mig en annan mening<br \/>\nOch du skr\u00e4mmer v\u00e4l en del<br \/>\nom det var dit du ville n\u00e5<br \/>\nVilka dr\u00f6mmar har du mistat i s\u00e5 fall?<br \/>\nJag vill bara f\u00f6rst\u00e5<\/p>\n<p>I sp\u00e5ren som du l\u00e4mnar kan det f\u00f6das ett f\u00f6rakt<br \/>\n\u00c4r det n\u00e5t du t\u00e4nker p\u00e5 ibland?<br \/>\nDin farsa skulle gr\u00e5ta om han ins\u00e5g vad som sker<br \/>\nMera vilse \u00e4n du sj\u00e4lv i detta land<\/p>\n<p>Vad har du t\u00e4nkt dig med ditt liv?<br \/>\nSka du sl\u00e5 dig fram som f\u00f6rortsdesperado?<br \/>\nVad \u00e4r det som g\u00e5tt s\u00f6nder?<br \/>\nMan kan alltid l\u00e4gga skulden p\u00e5 n\u00e5n annan<br \/>\nMen ge mig d\u00e5 ett enda sk\u00e4l<br \/>\natt du sviker dig sj\u00e4lv och din familj<br \/>\nDu sviker \u00e4ven mig och alla andra<br \/>\nsom vill leva i ett \u00f6ppet land<br \/>\nMen du g\u00f6r som du vill<\/p>\n<p>Och n\u00e4r du sitter p\u00e5 n\u00e5n anstalt<br \/>\noch begrundar allt som h\u00e4nt<br \/>\nDina misstag och det pris som du betalt<br \/>\nN\u00e4r ingen l\u00e4ngre finns<br \/>\nsom kan ge dig en sista chans<br \/>\nD\u00e5 \u00e4r det du och ingen annan som har valt<br \/>\nMen du g\u00f6r som du vill<\/p>\n<p><\/p>","protected":false},"excerpt":{"rendered":"<p>Jag s\u00e5g notisen h\u00e4romdan Om \u00f6verfall och unga g\u00e4rningsm\u00e4n Och kanske var du med d\u00e4r eller n\u00e4sta g\u00e5ng bland dessa gangster-wannabes Du s\u00e4ger: Man m\u00e5ste f\u00e5 respekt Ordet har f\u00f6r mig en annan mening Och du skr\u00e4mmer v\u00e4l en del&hellip; <\/p>\n","protected":false},"author":1,"featured_media":0,"parent":0,"menu_order":0,"comment_status":"closed","ping_status":"closed","template":"","meta":{"footnotes":""},"_links":{"self":[{"href":"https:\/\/www.dagpalm.se\/index.php?rest_route=\/wp\/v2\/pages\/655"}],"collection":[{"href":"https:\/\/www.dagpalm.se\/index.php?rest_route=\/wp\/v2\/pages"}],"about":[{"href":"https:\/\/www.dagpalm.se\/index.php?rest_route=\/wp\/v2\/types\/page"}],"author":[{"embeddable":true,"href":"https:\/\/www.dagpalm.se\/index.php?rest_route=\/wp\/v2\/users\/1"}],"replies":[{"embeddable":true,"href":"https:\/\/www.dagpalm.se\/index.php?rest_route=%2Fwp%2Fv2%2Fcomments&post=655"}],"version-history":[{"count":1,"href":"https:\/\/www.dagpalm.se\/index.php?rest_route=\/wp\/v2\/pages\/655\/revisions"}],"predecessor-version":[{"id":657,"href":"https:\/\/www.dagpalm.se\/index.php?rest_route=\/wp\/v2\/pages\/655\/revisions\/657"}],"wp:attachment":[{"href":"https:\/\/www.dagpalm.se\/index.php?rest_route=%2Fwp%2Fv2%2Fmedia&parent=655"}],"curies":[{"name":"wp","href":"https:\/\/api.w.org\/{rel}","templated":true}]}}