{"id":56,"date":"2013-05-28T22:46:28","date_gmt":"2013-05-28T20:46:28","guid":{"rendered":"http:\/\/www.dagpalm.se\/?page_id=56"},"modified":"2015-09-20T22:48:58","modified_gmt":"2015-09-20T21:48:58","slug":"spelningar-2","status":"publish","type":"page","link":"https:\/\/www.dagpalm.se\/?page_id=56","title":{"rendered":"S\u00e5ngtexter"},"content":{"rendered":"<h4><a href=\"https:\/\/www.dagpalm.se\/?page_id=508\" target=\"_blank\">Prolog<\/a><\/h4>\n<h4><a href=\"https:\/\/www.dagpalm.se\/?page_id=482\" target=\"_blank\">V\u00e4gar<\/a><\/h4>\n<h4><a href=\"https:\/\/www.dagpalm.se\/?page_id=504\" target=\"_blank\">Roger och Camilla<\/a><\/h4>\n<h4><a href=\"https:\/\/www.dagpalm.se\/?page_id=514\" target=\"_blank\">Ungar<\/a><\/h4>\n<h4><a href=\"https:\/\/www.dagpalm.se\/?page_id=655\" target=\"_blank\">F\u00f6rortsdesperado<\/a><\/h4>\n<h4><a href=\"https:\/\/www.dagpalm.se\/?page_id=520\" target=\"_blank\">M\u00f6rkret<\/a><\/h4>\n<h4><a href=\"https:\/\/www.dagpalm.se\/?page_id=523\" target=\"_blank\">Inte s\u00e5 illa som du tror<\/a><\/h4>\n<h4><a href=\"https:\/\/www.dagpalm.se\/?page_id=527\" target=\"_blank\">Gamla v\u00e4nner<\/a><\/h4>\n<h4><a href=\"https:\/\/www.dagpalm.se\/?page_id=530\" target=\"_blank\">Mjuka linjer<\/a><\/h4>\n<h4><a href=\"https:\/\/www.dagpalm.se\/?page_id=533\" target=\"_blank\">I sommarns sista dar<\/a><\/h4>\n<h4><a href=\"https:\/\/www.dagpalm.se\/?page_id=536\" target=\"_blank\">En fin altan<\/a><\/h4>\n<h4><a href=\"https:\/\/www.dagpalm.se\/?page_id=539\" target=\"_blank\">Vaggs\u00e5ng f\u00f6r vuxna<\/a><\/h4>\n<p>&nbsp;<\/p>\n<p><\/p>","protected":false},"excerpt":{"rendered":"<p>Prolog V\u00e4gar Roger och Camilla Ungar F\u00f6rortsdesperado M\u00f6rkret Inte s\u00e5 illa som du tror Gamla v\u00e4nner Mjuka linjer I sommarns sista dar En fin altan Vaggs\u00e5ng f\u00f6r vuxna &nbsp;<\/p>\n","protected":false},"author":1,"featured_media":0,"parent":0,"menu_order":5,"comment_status":"closed","ping_status":"closed","template":"","meta":{"footnotes":""},"_links":{"self":[{"href":"https:\/\/www.dagpalm.se\/index.php?rest_route=\/wp\/v2\/pages\/56"}],"collection":[{"href":"https:\/\/www.dagpalm.se\/index.php?rest_route=\/wp\/v2\/pages"}],"about":[{"href":"https:\/\/www.dagpalm.se\/index.php?rest_route=\/wp\/v2\/types\/page"}],"author":[{"embeddable":true,"href":"https:\/\/www.dagpalm.se\/index.php?rest_route=\/wp\/v2\/users\/1"}],"replies":[{"embeddable":true,"href":"https:\/\/www.dagpalm.se\/index.php?rest_route=%2Fwp%2Fv2%2Fcomments&post=56"}],"version-history":[{"count":33,"href":"https:\/\/www.dagpalm.se\/index.php?rest_route=\/wp\/v2\/pages\/56\/revisions"}],"predecessor-version":[{"id":661,"href":"https:\/\/www.dagpalm.se\/index.php?rest_route=\/wp\/v2\/pages\/56\/revisions\/661"}],"wp:attachment":[{"href":"https:\/\/www.dagpalm.se\/index.php?rest_route=%2Fwp%2Fv2%2Fmedia&parent=56"}],"curies":[{"name":"wp","href":"https:\/\/api.w.org\/{rel}","templated":true}]}}