{"id":539,"date":"2015-01-06T22:37:23","date_gmt":"2015-01-06T21:37:23","guid":{"rendered":"http:\/\/www.dagpalm.se\/?page_id=539"},"modified":"2015-01-06T22:37:23","modified_gmt":"2015-01-06T21:37:23","slug":"vaggsang-for-vuxna","status":"publish","type":"page","link":"https:\/\/www.dagpalm.se\/?page_id=539","title":{"rendered":"Vaggs\u00e5ng f\u00f6r vuxna"},"content":{"rendered":"<p>Du kan lugnt somna om<br \/>\nDet \u00e4r bara vinden i tr\u00e4den<br \/>\nDet \u00e4r l\u00e5ngt till morgonen \u00e4n<br \/>\nSvep t\u00e4cket omkring dig<br \/>\nDet \u00e4r bara n\u00e5n timme kvar<br \/>\nav alltf\u00f6r m\u00e5nga tunga dar.<br \/>\nDet bl\u00e5ser en ny vind i natt<br \/>\nDet bl\u00e5ser en ny vind i natt.<\/p>\n<p>Det drar en vind genom stan<br \/>\nL\u00e4ngs sovande radhusl\u00e4ngor<br \/>\n\u00d6ver regnv\u00e5ta gator och torg<br \/>\nDet \u00e4r nu som allting v\u00e4nder<br \/>\nS\u00e5 l\u00e5t bara allting va\u2019<br \/>\nDet kommer en annan dag<br \/>\nDet bl\u00e5ser en ny vind i natt<br \/>\nDet bl\u00e5ser en ny vind i natt.<\/p>\n<p><\/p>","protected":false},"excerpt":{"rendered":"<p>Du kan lugnt somna om Det \u00e4r bara vinden i tr\u00e4den Det \u00e4r l\u00e5ngt till morgonen \u00e4n Svep t\u00e4cket omkring dig Det \u00e4r bara n\u00e5n timme kvar av alltf\u00f6r m\u00e5nga tunga dar. Det bl\u00e5ser en ny vind i natt Det&hellip; <\/p>\n","protected":false},"author":1,"featured_media":0,"parent":0,"menu_order":0,"comment_status":"closed","ping_status":"closed","template":"","meta":{"footnotes":""},"_links":{"self":[{"href":"https:\/\/www.dagpalm.se\/index.php?rest_route=\/wp\/v2\/pages\/539"}],"collection":[{"href":"https:\/\/www.dagpalm.se\/index.php?rest_route=\/wp\/v2\/pages"}],"about":[{"href":"https:\/\/www.dagpalm.se\/index.php?rest_route=\/wp\/v2\/types\/page"}],"author":[{"embeddable":true,"href":"https:\/\/www.dagpalm.se\/index.php?rest_route=\/wp\/v2\/users\/1"}],"replies":[{"embeddable":true,"href":"https:\/\/www.dagpalm.se\/index.php?rest_route=%2Fwp%2Fv2%2Fcomments&post=539"}],"version-history":[{"count":1,"href":"https:\/\/www.dagpalm.se\/index.php?rest_route=\/wp\/v2\/pages\/539\/revisions"}],"predecessor-version":[{"id":540,"href":"https:\/\/www.dagpalm.se\/index.php?rest_route=\/wp\/v2\/pages\/539\/revisions\/540"}],"wp:attachment":[{"href":"https:\/\/www.dagpalm.se\/index.php?rest_route=%2Fwp%2Fv2%2Fmedia&parent=539"}],"curies":[{"name":"wp","href":"https:\/\/api.w.org\/{rel}","templated":true}]}}