{"id":530,"date":"2015-01-06T22:13:26","date_gmt":"2015-01-06T21:13:26","guid":{"rendered":"http:\/\/www.dagpalm.se\/?page_id=530"},"modified":"2015-01-06T22:42:31","modified_gmt":"2015-01-06T21:42:31","slug":"mjuka-linjer","status":"publish","type":"page","link":"https:\/\/www.dagpalm.se\/?page_id=530","title":{"rendered":"Mjuka linjer"},"content":{"rendered":"<p>Jag kan ta den l\u00e4ngsta v\u00e4gen ibland<br \/>\nkan va\u2019 sj\u00e4lvvalt ineffektiv<br \/>\nJag har t.o.m. lovat sluta planera<br \/>\nGjort sista listan i mitt liv<br \/>\nDu vill ha fint i alla rum<br \/>\nJag \u00e4r lite mer f\u00f6r slarv och flum<br \/>\nMen n\u00e5t av det finaste jag ser hos dig<br \/>\n<span style=\"line-height: 1.714285714; font-size: 1rem;\">\u00e4r det d\u00e4r lite galna<br \/>\n<\/span>Det man inte v\u00e4ntat sig.<\/p>\n<p>Mjuka linjer, sk\u00f6na figurer<br \/>\nLite sv\u00e4ng och mindre struktur<br \/>\nDet g\u00e5r en vildkatt h\u00e4r om kv\u00e4llarna<br \/>\nHan tittar in h\u00e4r d\u00e5 och d\u00e5<br \/>\nHar en timing\u00a0som f\u00e5<br \/>\nJag l\u00e4r mig lite grann<br \/>\nHan s\u00e4ger: K\u00f6r p\u00e5 k\u00e4nsla om du kan!<\/p>\n<p>Det \u00e4r v\u00e4l klart kamrat, vi har varit med nu ett tag<br \/>\noch mycket k\u00e4nns bekant p\u00e5 m\u00e5nga vis<br \/>\nN\u00e4r de s\u00e4tter spotlight p\u00e5 n\u00e5n innovation<br \/>\nD\u00e5 t\u00e4nker man &#8211; Det d\u00e4r \u00e4r ju repris<br \/>\nSk\u00e5l, f\u00f6r begagnade program<br \/>\nOch de salta j\u00e4vla pinnarna ska fram<br \/>\nMen h\u00e5ll dig hemma<br \/>\nOm det \u00e4n en g\u00e5ng \u00e4r nolltolerans som g\u00e4ller<br \/>\nDet funka\u2019 inte f\u00f6rra g\u00e5ngen heller!<\/p>\n<p>Mjuka linjer, sk\u00f6na figurer<br \/>\nLite sv\u00e4ng och mindre struktur<br \/>\nLite mer <em>Wild Cat Blues<br \/>\n<\/em>Lite mer Love &amp; Peace<br \/>\nLite mindre va\u2019 polis<br \/>\nLite mera subtilt<br \/>\nLite mer p\u00e5 k\u00e4nn<\/p>\n<p>Mjuka linjer, sk\u00f6na figurer<br \/>\nMjuka linjer, sk\u00f6na figurer<\/p>\n<p>Mjuka linjer, sk\u00f6na figurer<br \/>\nLite sv\u00e4ng och mindre struktur<br \/>\nLite mer <em>Wild Cat Blues<br \/>\n<\/em>Lite lagom ambiti\u00f6s<br \/>\nLite nackh\u00e5r, lite kl\u00f6s<br \/>\nLite mer h\u00e4r och nu och inte sen<br \/>\nLite mer p\u00e5 k\u00e4nn<\/p>\n<p><\/p>","protected":false},"excerpt":{"rendered":"<p>Jag kan ta den l\u00e4ngsta v\u00e4gen ibland kan va\u2019 sj\u00e4lvvalt ineffektiv Jag har t.o.m. lovat sluta planera Gjort sista listan i mitt liv Du vill ha fint i alla rum Jag \u00e4r lite mer f\u00f6r slarv och flum Men n\u00e5t&hellip; <\/p>\n","protected":false},"author":1,"featured_media":0,"parent":0,"menu_order":0,"comment_status":"closed","ping_status":"closed","template":"","meta":{"footnotes":""},"_links":{"self":[{"href":"https:\/\/www.dagpalm.se\/index.php?rest_route=\/wp\/v2\/pages\/530"}],"collection":[{"href":"https:\/\/www.dagpalm.se\/index.php?rest_route=\/wp\/v2\/pages"}],"about":[{"href":"https:\/\/www.dagpalm.se\/index.php?rest_route=\/wp\/v2\/types\/page"}],"author":[{"embeddable":true,"href":"https:\/\/www.dagpalm.se\/index.php?rest_route=\/wp\/v2\/users\/1"}],"replies":[{"embeddable":true,"href":"https:\/\/www.dagpalm.se\/index.php?rest_route=%2Fwp%2Fv2%2Fcomments&post=530"}],"version-history":[{"count":2,"href":"https:\/\/www.dagpalm.se\/index.php?rest_route=\/wp\/v2\/pages\/530\/revisions"}],"predecessor-version":[{"id":544,"href":"https:\/\/www.dagpalm.se\/index.php?rest_route=\/wp\/v2\/pages\/530\/revisions\/544"}],"wp:attachment":[{"href":"https:\/\/www.dagpalm.se\/index.php?rest_route=%2Fwp%2Fv2%2Fmedia&parent=530"}],"curies":[{"name":"wp","href":"https:\/\/api.w.org\/{rel}","templated":true}]}}