{"id":527,"date":"2015-01-06T17:39:32","date_gmt":"2015-01-06T15:39:32","guid":{"rendered":"http:\/\/www.dagpalm.se\/?page_id=527"},"modified":"2015-01-06T17:39:32","modified_gmt":"2015-01-06T15:39:32","slug":"gamla-vanner","status":"publish","type":"page","link":"https:\/\/www.dagpalm.se\/?page_id=527","title":{"rendered":"Gamla v\u00e4nner"},"content":{"rendered":"<p>Gr\u00e5kall morgon<br \/>\nHimlen av j\u00e4rn<br \/>\nTa 3 plagg betala f\u00f6r 2<br \/>\n\u00c4ldre man p\u00e5 cykel<br \/>\nLite folk p\u00e5 stan<br \/>\nF\u00f6rmiddagskaffe, idag som ig\u00e5r<\/p>\n<p>Gamla v\u00e4nner p\u00e5 caf\u00e9et<br \/>\nLever nog mest i det som var<br \/>\nR\u00f6ster och bilder<br \/>\nDr\u00f6mmarna d\u00e5<br \/>\nMinnen som v\u00e4rmer<br \/>\nDecennier som g\u00e5r<br \/>\nEn annan tid, en annan stad<br \/>\nOch alt p\u00e5 v\u00e4g mot vem vet vad?<\/p>\n<p>St\u00e4ngda butiker<br \/>\nSlaggsten och regn<br \/>\nOch alla t\u00e5g som k\u00f6r f\u00f6rbi<br \/>\nKaffe med socker och g\u00e5rdagens br\u00f6d<br \/>\nF\u00e5r jag sl\u00e5 mig ned en stund h\u00e4r bredvid?<\/p>\n<p>Gamla v\u00e4nner p\u00e5 caf\u00e9et<br \/>\nLever nog mest i det som var<br \/>\nVad \u00e4r det som ni ser som jag inte helt f\u00f6rst\u00e5r?<br \/>\nEtt folkhem p\u00e5 fall<br \/>\nDecennier som g\u00e5r<br \/>\nOch allt p\u00e5 v\u00e4g mot, ingen vet<br \/>\nGamla v\u00e4nner p\u00e5 caf\u00e9et<\/p>\n<p><\/p>","protected":false},"excerpt":{"rendered":"<p>Gr\u00e5kall morgon Himlen av j\u00e4rn Ta 3 plagg betala f\u00f6r 2 \u00c4ldre man p\u00e5 cykel Lite folk p\u00e5 stan F\u00f6rmiddagskaffe, idag som ig\u00e5r Gamla v\u00e4nner p\u00e5 caf\u00e9et Lever nog mest i det som var R\u00f6ster och bilder Dr\u00f6mmarna d\u00e5 Minnen&hellip; <\/p>\n","protected":false},"author":1,"featured_media":0,"parent":0,"menu_order":0,"comment_status":"closed","ping_status":"closed","template":"","meta":{"footnotes":""},"_links":{"self":[{"href":"https:\/\/www.dagpalm.se\/index.php?rest_route=\/wp\/v2\/pages\/527"}],"collection":[{"href":"https:\/\/www.dagpalm.se\/index.php?rest_route=\/wp\/v2\/pages"}],"about":[{"href":"https:\/\/www.dagpalm.se\/index.php?rest_route=\/wp\/v2\/types\/page"}],"author":[{"embeddable":true,"href":"https:\/\/www.dagpalm.se\/index.php?rest_route=\/wp\/v2\/users\/1"}],"replies":[{"embeddable":true,"href":"https:\/\/www.dagpalm.se\/index.php?rest_route=%2Fwp%2Fv2%2Fcomments&post=527"}],"version-history":[{"count":1,"href":"https:\/\/www.dagpalm.se\/index.php?rest_route=\/wp\/v2\/pages\/527\/revisions"}],"predecessor-version":[{"id":528,"href":"https:\/\/www.dagpalm.se\/index.php?rest_route=\/wp\/v2\/pages\/527\/revisions\/528"}],"wp:attachment":[{"href":"https:\/\/www.dagpalm.se\/index.php?rest_route=%2Fwp%2Fv2%2Fmedia&parent=527"}],"curies":[{"name":"wp","href":"https:\/\/api.w.org\/{rel}","templated":true}]}}