{"id":514,"date":"2015-01-06T12:19:26","date_gmt":"2015-01-06T10:19:26","guid":{"rendered":"http:\/\/www.dagpalm.se\/?page_id=514"},"modified":"2015-01-06T12:19:26","modified_gmt":"2015-01-06T10:19:26","slug":"ungar","status":"publish","type":"page","link":"https:\/\/www.dagpalm.se\/?page_id=514","title":{"rendered":"Ungar"},"content":{"rendered":"<p>Det finns ungar som aldrig sitter still<br \/>\nDet finns ungar som bara vill och vill<br \/>\nDet finns barn som syns<br \/>\n<span style=\"line-height: 1.714285714; font-size: 1rem;\">Och s\u00e5 dom som ingen ser<br \/>\n<\/span>S\u00e5 finns dom inte mer<\/p>\n<p>Det finns ungar som hamnar bredvid<br \/>\nSom f\u00e5r allt fast\u00e4n ingen har tid<br \/>\nOch sen finns det dom som f\u00e5r b\u00e4ra<br \/>\n<span style=\"line-height: 1.714285714; font-size: 1rem;\">vad ingen borde f\u00e5<br \/>\n<\/span>D\u00e5 \u00e4r dom bara ungar \u00e4nd\u00e5.<\/p>\n<p>En del \u00e4r vilse men vill \u00e4nd\u00e5 inte hem<br \/>\nFast allting \u00e4r st\u00e4ngt sen l\u00e4ngesen<br \/>\nSom nattflyn mot ljuset dras dom till varann<br \/>\nMan ser det igen och igen.<\/p>\n<p>Det finns barn som \u00e4r fast i en roll<br \/>\nSom vill \u00e5t ett helt annat h\u00e5ll<br \/>\nDet finns dom som j\u00e4mf\u00f6rs med syster och bror<br \/>\nMen har s\u00e5 mycket mer<br \/>\n<span style=\"line-height: 1.714285714; font-size: 1rem;\">\u00e4n vad n\u00e5gon annan tror.<br \/>\n<\/span><\/p>\n<p>En del vill bli vuxna direkt till varje pris<br \/>\nMedan andra mot sin vilja \u00e4r d\u00e4r<br \/>\nSom mamma, som pappa, till mor eller far<br \/>\nAnnars faller allting is\u00e4r.<\/p>\n<p>Det finns ungar med vild fantasi<br \/>\nAndra \u00e4r frusna inuti<br \/>\nOch sen finns det barn med en styrka<br \/>\n<span style=\"line-height: 1.714285714; font-size: 1rem;\">som ingen av oss kan f\u00f6rst\u00e5<br \/>\n<\/span>S\u00e5 dom klarar sig \u00e4nd\u00e5.<\/p>\n<p><\/p>","protected":false},"excerpt":{"rendered":"<p>Det finns ungar som aldrig sitter still Det finns ungar som bara vill och vill Det finns barn som syns Och s\u00e5 dom som ingen ser S\u00e5 finns dom inte mer Det finns ungar som hamnar bredvid Som f\u00e5r allt&hellip; <\/p>\n","protected":false},"author":1,"featured_media":0,"parent":0,"menu_order":0,"comment_status":"closed","ping_status":"closed","template":"","meta":{"footnotes":""},"_links":{"self":[{"href":"https:\/\/www.dagpalm.se\/index.php?rest_route=\/wp\/v2\/pages\/514"}],"collection":[{"href":"https:\/\/www.dagpalm.se\/index.php?rest_route=\/wp\/v2\/pages"}],"about":[{"href":"https:\/\/www.dagpalm.se\/index.php?rest_route=\/wp\/v2\/types\/page"}],"author":[{"embeddable":true,"href":"https:\/\/www.dagpalm.se\/index.php?rest_route=\/wp\/v2\/users\/1"}],"replies":[{"embeddable":true,"href":"https:\/\/www.dagpalm.se\/index.php?rest_route=%2Fwp%2Fv2%2Fcomments&post=514"}],"version-history":[{"count":1,"href":"https:\/\/www.dagpalm.se\/index.php?rest_route=\/wp\/v2\/pages\/514\/revisions"}],"predecessor-version":[{"id":515,"href":"https:\/\/www.dagpalm.se\/index.php?rest_route=\/wp\/v2\/pages\/514\/revisions\/515"}],"wp:attachment":[{"href":"https:\/\/www.dagpalm.se\/index.php?rest_route=%2Fwp%2Fv2%2Fmedia&parent=514"}],"curies":[{"name":"wp","href":"https:\/\/api.w.org\/{rel}","templated":true}]}}