{"id":508,"date":"2015-01-05T18:25:14","date_gmt":"2015-01-05T16:25:14","guid":{"rendered":"http:\/\/www.dagpalm.se\/?page_id=508"},"modified":"2015-01-05T18:25:18","modified_gmt":"2015-01-05T16:25:18","slug":"prolog","status":"publish","type":"page","link":"https:\/\/www.dagpalm.se\/?page_id=508","title":{"rendered":"Prolog"},"content":{"rendered":"<p>Ge mig n\u00e5nting som ber\u00f6r<br \/>\nN\u00e5t som \u00e4r p\u00e5 riktigt<br \/>\nRiv mig varsamt men best\u00e4mt<br \/>\nSkaka mig f\u00f6rsiktigt<br \/>\nSkymningen \u00e4r redan h\u00e4r<br \/>\n\u00c4n en dag som var s\u00e5d\u00e4r<br \/>\nGe mig n\u00e5nting som ber\u00f6r<br \/>\nN\u00e5t som \u00e4r p\u00e5 riktigt<\/p>\n<p>Alla \u00e4r p\u00e5 v\u00e4g till sitt<br \/>\nG\u00e5r i sorgsna rader<br \/>\n<em>Gillas<\/em> eller blekna bort<br \/>\nYtor och fasader<br \/>\nHur man framst\u00e5r, ses och tas<br \/>\nskyddad bakom pansarglas<br \/>\nAlla \u00e4r p\u00e5 v\u00e4g till sitt<br \/>\nG\u00e5r i sorgsna rader<\/p>\n<p>Si och s\u00e5 med dig och mig<br \/>\nSa du n\u00e5nting viktigt?<br \/>\nVar och en p\u00e5 sin planet<br \/>\nSkaka mig f\u00f6rsiktigt<br \/>\nDr\u00e4nk din iphone \u00e4r du sn\u00e4ll<br \/>\nKan vi tr\u00e4ffas live ikv\u00e4ll?<br \/>\nGe mig n\u00e5nting som ber\u00f6r<br \/>\nN\u00e5t som \u00e4r p\u00e5 riktigt<\/p>\n<p><\/p>","protected":false},"excerpt":{"rendered":"<p>Ge mig n\u00e5nting som ber\u00f6r N\u00e5t som \u00e4r p\u00e5 riktigt Riv mig varsamt men best\u00e4mt Skaka mig f\u00f6rsiktigt Skymningen \u00e4r redan h\u00e4r \u00c4n en dag som var s\u00e5d\u00e4r Ge mig n\u00e5nting som ber\u00f6r N\u00e5t som \u00e4r p\u00e5 riktigt Alla \u00e4r&hellip; <\/p>\n","protected":false},"author":1,"featured_media":0,"parent":0,"menu_order":0,"comment_status":"closed","ping_status":"closed","template":"","meta":{"footnotes":""},"_links":{"self":[{"href":"https:\/\/www.dagpalm.se\/index.php?rest_route=\/wp\/v2\/pages\/508"}],"collection":[{"href":"https:\/\/www.dagpalm.se\/index.php?rest_route=\/wp\/v2\/pages"}],"about":[{"href":"https:\/\/www.dagpalm.se\/index.php?rest_route=\/wp\/v2\/types\/page"}],"author":[{"embeddable":true,"href":"https:\/\/www.dagpalm.se\/index.php?rest_route=\/wp\/v2\/users\/1"}],"replies":[{"embeddable":true,"href":"https:\/\/www.dagpalm.se\/index.php?rest_route=%2Fwp%2Fv2%2Fcomments&post=508"}],"version-history":[{"count":1,"href":"https:\/\/www.dagpalm.se\/index.php?rest_route=\/wp\/v2\/pages\/508\/revisions"}],"predecessor-version":[{"id":509,"href":"https:\/\/www.dagpalm.se\/index.php?rest_route=\/wp\/v2\/pages\/508\/revisions\/509"}],"wp:attachment":[{"href":"https:\/\/www.dagpalm.se\/index.php?rest_route=%2Fwp%2Fv2%2Fmedia&parent=508"}],"curies":[{"name":"wp","href":"https:\/\/api.w.org\/{rel}","templated":true}]}}