{"id":48,"date":"2013-05-28T22:34:42","date_gmt":"2013-05-28T20:34:42","guid":{"rendered":"http:\/\/www.dagpalm.se\/?page_id=48"},"modified":"2021-04-11T22:17:26","modified_gmt":"2021-04-11T21:17:26","slug":"sangteter","status":"publish","type":"page","link":"https:\/\/www.dagpalm.se\/?page_id=48","title":{"rendered":"Dag"},"content":{"rendered":"<p><span style=\"color: #ff6600;\"><b>Singer\/songwriter<\/b>,\u00a0<strong>gitarrist<\/strong>\u00a0och\u00a0<strong>basist<\/strong> med m\u00e5ng\u00e5rig erfarenhet fr\u00e5n olika musikaliska omr\u00e5den. <\/span><br \/>\n<span style=\"color: #ff6600;\"> Till vardags, musikl\u00e4rare p\u00e5 J\u00e4rf\u00e4lla gymnasium.<br \/>\n\u201dSandvikare i exil\u201d som efter m\u00e5nga \u00e5r lyckats rota sig riktigt skapligt i ett radhusomr\u00e5de nordv\u00e4st om Stockholm.<br \/>\nIntar ibland scenen ensam med gitarr och ibland med ett lyh\u00f6rt, l\u00e5gm\u00e4lt sv\u00e4ngande<br \/>\nband i ryggen.<br \/>\nVid sidan av det som syns under rubriken &#8221;SPELNINGAR&#8221; blir det en hel del\u00a0mer interna gigs.<em><br \/>\n<\/em>Mycket\u00a0teatermusik har ocks\u00e5 skrivits och arrangerats genom \u00e5ren.<\/span><\/p>\n<h3><span style=\"color: #000000;\">Musikteaterprojekt<\/span><\/h3>\n<p><a href=\"http:\/\/teodok.com\/lat-skagget-vaxa\/\" target=\"_blank\" rel=\"noopener noreferrer\">L\u00e5t sk\u00e4gget v\u00e4xa &#8211; igen 2013<\/a><\/p>\n<p><a title=\"L\u00e5t sk\u00e4gget v\u00e4xa 2011\" href=\"http:\/\/teodok.com\/lat-skagget-vaxa-2\/\" target=\"_blank\" rel=\"noopener noreferrer\">L\u00e5t sk\u00e4gget v\u00e4xa 2011<\/a><\/p>\n<p><a title=\"Syenbarnen 2004\" href=\"http:\/\/teodok.com\/stenbarnen\/\" target=\"_blank\" rel=\"noopener noreferrer\">Stenbarnen 2004<\/a><\/p>\n<p><a title=\"Gummigutta 1999\" href=\"http:\/\/teodok.com\/gummigutta\/\" target=\"_blank\" rel=\"noopener noreferrer\">Gummigutta 1999<\/a><\/p>\n<p>Stockholm City Serenad 1998<\/p>\n<p><a title=\"I skuggan av den stora kastanjen 1996\" href=\"http:\/\/teodok.com\/i-skuggan-av-den-stora-kastanjen\/\" target=\"_blank\" rel=\"noopener noreferrer\">I skuggan av den stora kastanjen 1996<\/a><\/p>\n<p><a title=\"Lucia 1994\" href=\"http:\/\/teodok.com\/lucia\/\" target=\"_blank\" rel=\"noopener noreferrer\">Lucia 1994<\/a><\/p>\n<p><\/p>","protected":false},"excerpt":{"rendered":"<p>Singer\/songwriter,\u00a0gitarrist\u00a0och\u00a0basist med m\u00e5ng\u00e5rig erfarenhet fr\u00e5n olika musikaliska omr\u00e5den. Till vardags, musikl\u00e4rare p\u00e5 J\u00e4rf\u00e4lla gymnasium. \u201dSandvikare i exil\u201d som efter m\u00e5nga \u00e5r lyckats rota sig riktigt skapligt i ett radhusomr\u00e5de nordv\u00e4st om Stockholm. Intar ibland scenen ensam med gitarr och ibland&hellip; <\/p>\n","protected":false},"author":1,"featured_media":0,"parent":0,"menu_order":3,"comment_status":"closed","ping_status":"closed","template":"","meta":{"footnotes":""},"_links":{"self":[{"href":"https:\/\/www.dagpalm.se\/index.php?rest_route=\/wp\/v2\/pages\/48"}],"collection":[{"href":"https:\/\/www.dagpalm.se\/index.php?rest_route=\/wp\/v2\/pages"}],"about":[{"href":"https:\/\/www.dagpalm.se\/index.php?rest_route=\/wp\/v2\/types\/page"}],"author":[{"embeddable":true,"href":"https:\/\/www.dagpalm.se\/index.php?rest_route=\/wp\/v2\/users\/1"}],"replies":[{"embeddable":true,"href":"https:\/\/www.dagpalm.se\/index.php?rest_route=%2Fwp%2Fv2%2Fcomments&post=48"}],"version-history":[{"count":43,"href":"https:\/\/www.dagpalm.se\/index.php?rest_route=\/wp\/v2\/pages\/48\/revisions"}],"predecessor-version":[{"id":908,"href":"https:\/\/www.dagpalm.se\/index.php?rest_route=\/wp\/v2\/pages\/48\/revisions\/908"}],"wp:attachment":[{"href":"https:\/\/www.dagpalm.se\/index.php?rest_route=%2Fwp%2Fv2%2Fmedia&parent=48"}],"curies":[{"name":"wp","href":"https:\/\/api.w.org\/{rel}","templated":true}]}}